{"id":48811,"date":"2024-02-03T18:36:34","date_gmt":"2024-02-03T15:36:34","guid":{"rendered":"https:\/\/www.serpekaucuk.com\/?page_id=48811"},"modified":"2024-02-03T18:36:34","modified_gmt":"2024-02-03T15:36:34","slug":"diger-imalatlarimiz","status":"publish","type":"page","link":"https:\/\/www.serpekaucuk.com\/index.php\/urunlerimiz\/diger-imalatlarimiz\/","title":{"rendered":"Di\u011fer \u0130malatlar\u0131m\u0131z"},"content":{"rendered":"","protected":false},"excerpt":{"rendered":"","protected":false},"author":1,"featured_media":0,"parent":48750,"menu_order":0,"comment_status":"closed","ping_status":"closed","template":"","meta":{"footnotes":""},"class_list":["post-48811","page","type-page","status-publish","hentry"],"_links":{"self":[{"href":"https:\/\/www.serpekaucuk.com\/index.php\/wp-json\/wp\/v2\/pages\/48811","targetHints":{"allow":["GET"]}}],"collection":[{"href":"https:\/\/www.serpekaucuk.com\/index.php\/wp-json\/wp\/v2\/pages"}],"about":[{"href":"https:\/\/www.serpekaucuk.com\/index.php\/wp-json\/wp\/v2\/types\/page"}],"author":[{"embeddable":true,"href":"https:\/\/www.serpekaucuk.com\/index.php\/wp-json\/wp\/v2\/users\/1"}],"replies":[{"embeddable":true,"href":"https:\/\/www.serpekaucuk.com\/index.php\/wp-json\/wp\/v2\/comments?post=48811"}],"version-history":[{"count":1,"href":"https:\/\/www.serpekaucuk.com\/index.php\/wp-json\/wp\/v2\/pages\/48811\/revisions"}],"predecessor-version":[{"id":48812,"href":"https:\/\/www.serpekaucuk.com\/index.php\/wp-json\/wp\/v2\/pages\/48811\/revisions\/48812"}],"up":[{"embeddable":true,"href":"https:\/\/www.serpekaucuk.com\/index.php\/wp-json\/wp\/v2\/pages\/48750"}],"wp:attachment":[{"href":"https:\/\/www.serpekaucuk.com\/index.php\/wp-json\/wp\/v2\/media?parent=48811"}],"curies":[{"name":"wp","href":"https:\/\/api.w.org\/{rel}","templated":true}]}}