{"id":48752,"date":"2024-02-03T18:17:35","date_gmt":"2024-02-03T15:17:35","guid":{"rendered":"https:\/\/www.serpekaucuk.com\/?page_id=48752"},"modified":"2024-02-03T18:43:18","modified_gmt":"2024-02-03T15:43:18","slug":"imalatlarimiz","status":"publish","type":"page","link":"https:\/\/www.serpekaucuk.com\/index.php\/imalatlarimiz\/","title":{"rendered":"\u0130MALATLARIMIZ"},"content":{"rendered":"\t\t<div data-elementor-type=\"wp-page\" data-elementor-id=\"48752\" class=\"elementor elementor-48752\" data-elementor-post-type=\"page\">\n\t\t\t\t\t\t\t<div class=\"elementor-element elementor-element-faa880d e-flex e-con-boxed e-con e-parent\" data-id=\"faa880d\" data-element_type=\"container\" data-settings=\"{&quot;content_width&quot;:&quot;boxed&quot;}\" data-core-v316-plus=\"true\">\n\t\t\t\t\t<div class=\"e-con-inner\">\n\t\t<div class=\"elementor-element elementor-element-ef16377 e-con-full e-flex e-con e-child\" data-id=\"ef16377\" data-element_type=\"container\" data-settings=\"{&quot;content_width&quot;:&quot;full&quot;}\">\n\t\t\t\t<div class=\"elementor-element elementor-element-2265152 elementor-widget elementor-widget-text-editor\" data-id=\"2265152\" data-element_type=\"widget\" data-widget_type=\"text-editor.default\">\n\t\t\t\t<div class=\"elementor-widget-container\">\n\t\t\t<style>\/*! elementor - v3.18.0 - 20-12-2023 *\/\n.elementor-widget-text-editor.elementor-drop-cap-view-stacked .elementor-drop-cap{background-color:#69727d;color:#fff}.elementor-widget-text-editor.elementor-drop-cap-view-framed .elementor-drop-cap{color:#69727d;border:3px solid;background-color:transparent}.elementor-widget-text-editor:not(.elementor-drop-cap-view-default) .elementor-drop-cap{margin-top:8px}.elementor-widget-text-editor:not(.elementor-drop-cap-view-default) .elementor-drop-cap-letter{width:1em;height:1em}.elementor-widget-text-editor .elementor-drop-cap{float:left;text-align:center;line-height:1;font-size:50px}.elementor-widget-text-editor .elementor-drop-cap-letter{display:inline-block}<\/style>\t\t\t\t<ul><li id=\"menu-item-1064\" class=\"menu-item menu-item-type-custom menu-item-object-custom menu-item-1064\">M\u00fc\u015fteri \u00d6zel \u0130stek Hert\u00fcrl\u00fc Kau\u00e7uk ve Plastik \u00dcretimi<\/li><li class=\"menu-item menu-item-type-custom menu-item-object-custom menu-item-1064\">Sondaj Makinalar\u0131 Yedek Par\u00e7alar\u0131<\/li><li class=\"menu-item menu-item-type-custom menu-item-object-custom menu-item-1064\">Jeotermal S\u0131zd\u0131rmazl\u0131k Yedek Par\u00e7alar\u0131<\/li><li class=\"menu-item menu-item-type-custom menu-item-object-custom menu-item-1064\">Karot Sondaj Yedek Par\u00e7alar\u0131<\/li><li class=\"menu-item menu-item-type-custom menu-item-object-custom menu-item-1064\">Yatay Sondaj Yedek Par\u00e7alar\u0131<\/li><li class=\"menu-item menu-item-type-custom menu-item-object-custom menu-item-1064\">Asfalt Makinalar\u0131 \u00c7amur Pompa Ke\u00e7eleri<\/li><li class=\"menu-item menu-item-type-custom menu-item-object-custom menu-item-1064\">Alt Palet Kau\u00e7uk Kaplama ve Palet \u0130malat\u0131<\/li><li class=\"menu-item menu-item-type-custom menu-item-object-custom menu-item-1064\">Beton Pompa Pistonlar\u0131<\/li><li class=\"menu-item menu-item-type-custom menu-item-object-custom menu-item-1064\">\u0130\u015f Makinalar\u0131 Yedek Par\u00e7alar\u0131<\/li><li class=\"menu-item menu-item-type-custom menu-item-object-custom menu-item-1064\">Kaplinler<\/li><\/ul>\t\t\t\t\t\t<\/div>\n\t\t\t\t<\/div>\n\t\t\t\t<\/div>\n\t\t<div class=\"elementor-element elementor-element-b38b054 e-con-full e-flex e-con e-child\" data-id=\"b38b054\" data-element_type=\"container\" data-settings=\"{&quot;content_width&quot;:&quot;full&quot;}\">\n\t\t\t\t<div class=\"elementor-element elementor-element-3624db6 elementor-widget elementor-widget-text-editor\" data-id=\"3624db6\" data-element_type=\"widget\" data-widget_type=\"text-editor.default\">\n\t\t\t\t<div class=\"elementor-widget-container\">\n\t\t\t\t\t\t\t<ul><li class=\"menu-item menu-item-type-custom menu-item-object-custom menu-item-1064\">Yatay ve Dikey Sondaj Makinalar\u0131<\/li><li class=\"menu-item menu-item-type-custom menu-item-object-custom menu-item-1064\">Poli\u00fcretan G\u00f6mlek Lastikleri<\/li><li class=\"menu-item menu-item-type-custom menu-item-object-custom menu-item-1064\">Titre\u015fim Takozlar\u0131<\/li><li class=\"menu-item menu-item-type-custom menu-item-object-custom menu-item-1064\">Oring \u00d6zel \u0130malat Ke\u00e7e<\/li><li class=\"menu-item menu-item-type-custom menu-item-object-custom menu-item-1064\">Motor Kulak Takozlar\u0131<\/li><li class=\"menu-item menu-item-type-custom menu-item-object-custom menu-item-1064\">Standart Titre\u015fim Takozlar\u0131<\/li><li class=\"menu-item menu-item-type-custom menu-item-object-custom menu-item-1064\">Ara\u00e7 Kald\u0131rma Takozlar\u0131<\/li><li class=\"menu-item menu-item-type-custom menu-item-object-custom menu-item-1064\">Beton Pompa Yedek Par\u00e7alar\u0131<\/li><li class=\"menu-item menu-item-type-custom menu-item-object-custom menu-item-1064\">Silindir Takozlar\u0131<\/li><li class=\"menu-item menu-item-type-custom menu-item-object-custom menu-item-1064\">Elek Takozlar\u0131<\/li><li class=\"menu-item menu-item-type-custom menu-item-object-custom menu-item-1064\">\u00d6zel \u0130malatlar<\/li><li class=\"menu-item menu-item-type-custom menu-item-object-custom menu-item-1064\">S\u0131zd\u0131rmazl\u0131k Elemanlar<\/li><\/ul>\t\t\t\t\t\t<\/div>\n\t\t\t\t<\/div>\n\t\t\t\t<\/div>\n\t\t\t\t\t<\/div>\n\t\t\t\t<\/div>\n\t\t\t\t\t\t\t<\/div>\n\t\t","protected":false},"excerpt":{"rendered":"<p>M\u00fc\u015fteri \u00d6zel \u0130stek Hert\u00fcrl\u00fc Kau\u00e7uk ve Plastik \u00dcretimi Sondaj Makinalar\u0131 Yedek Par\u00e7alar\u0131 Jeotermal S\u0131zd\u0131rmazl\u0131k Yedek Par\u00e7alar\u0131 Karot Sondaj Yedek Par\u00e7alar\u0131&#8230;<\/p>\n","protected":false},"author":1,"featured_media":0,"parent":0,"menu_order":0,"comment_status":"closed","ping_status":"closed","template":"","meta":{"footnotes":""},"class_list":["post-48752","page","type-page","status-publish","hentry"],"_links":{"self":[{"href":"https:\/\/www.serpekaucuk.com\/index.php\/wp-json\/wp\/v2\/pages\/48752","targetHints":{"allow":["GET"]}}],"collection":[{"href":"https:\/\/www.serpekaucuk.com\/index.php\/wp-json\/wp\/v2\/pages"}],"about":[{"href":"https:\/\/www.serpekaucuk.com\/index.php\/wp-json\/wp\/v2\/types\/page"}],"author":[{"embeddable":true,"href":"https:\/\/www.serpekaucuk.com\/index.php\/wp-json\/wp\/v2\/users\/1"}],"replies":[{"embeddable":true,"href":"https:\/\/www.serpekaucuk.com\/index.php\/wp-json\/wp\/v2\/comments?post=48752"}],"version-history":[{"count":7,"href":"https:\/\/www.serpekaucuk.com\/index.php\/wp-json\/wp\/v2\/pages\/48752\/revisions"}],"predecessor-version":[{"id":48828,"href":"https:\/\/www.serpekaucuk.com\/index.php\/wp-json\/wp\/v2\/pages\/48752\/revisions\/48828"}],"wp:attachment":[{"href":"https:\/\/www.serpekaucuk.com\/index.php\/wp-json\/wp\/v2\/media?parent=48752"}],"curies":[{"name":"wp","href":"https:\/\/api.w.org\/{rel}","templated":true}]}}