{"id":48482,"date":"2024-01-22T21:02:27","date_gmt":"2024-01-22T18:02:27","guid":{"rendered":"https:\/\/alfa-tasarim.com.tr\/impatek\/?page_id=48482"},"modified":"2025-12-16T17:55:59","modified_gmt":"2025-12-16T14:55:59","slug":"kurumsal","status":"publish","type":"page","link":"https:\/\/www.serpekaucuk.com\/index.php\/kurumsal\/","title":{"rendered":"KURUMSAL"},"content":{"rendered":"\t\t<div data-elementor-type=\"wp-page\" data-elementor-id=\"48482\" class=\"elementor elementor-48482\" data-elementor-post-type=\"page\">\n\t\t\t\t\t\t\t\t\t<section class=\"elementor-section elementor-top-section elementor-element elementor-element-8f0a7ea elementor-section-stretched elementor-section-boxed elementor-section-height-default elementor-section-height-default tm-col-stretched-none tm-bg-color-over-image\" data-id=\"8f0a7ea\" data-element_type=\"section\" data-settings=\"{&quot;stretch_section&quot;:&quot;section-stretched&quot;,&quot;background_background&quot;:&quot;classic&quot;}\">\n\t\t\t\t\t\t\t<div class=\"elementor-background-overlay\"><\/div>\n\t\t\t\t\t\t\t<div class=\"elementor-container elementor-column-gap-extended\">\n\t\t\t\t\t<div class=\"elementor-column elementor-col-100 elementor-top-column elementor-element elementor-element-2a4f39d tm-bg-color-over-image\" data-id=\"2a4f39d\" data-element_type=\"column\">\n\t\t\t<div class=\"elementor-widget-wrap elementor-element-populated\">\n\t\t\t\t\t\t\t\t<div class=\"elementor-element elementor-element-6c63e1f horizontal-line-align-left vertical-line-align-bottom elementor-widget elementor-widget-tm-ele-section-title\" data-id=\"6c63e1f\" data-element_type=\"widget\" data-widget_type=\"tm-ele-section-title.default\">\n\t\t\t\t<div class=\"elementor-widget-container\">\n\t\t\t<div class=\"tm-sc-section-title section-title \">\r\n\t<div class=\"title-wrapper\">\r\n\t\t\t\t\t\t\t<h2 class=\"title \">\r\n\r\n\t\t\r\n\t\t\t\t<span class=\"title-part1 \">Serpe Kau\u00e7uk<\/span>\r\n\t\t\t\t\r\n\t\t\r\n\t<\/h2>\r\n\t<div class=\"title-seperator-line\"><\/div>\t\t\t\t\t\t<\/div>\r\n<\/div>\t\t<\/div>\n\t\t\t\t<\/div>\n\t\t\t\t<div class=\"elementor-element elementor-element-fa9a3f7 elementor-widget elementor-widget-tm-ele-text-editor\" data-id=\"fa9a3f7\" data-element_type=\"widget\" data-widget_type=\"tm-ele-text-editor.default\">\n\t\t\t\t<div class=\"elementor-widget-container\">\n\t\t\t\t\t<div class=\"tm-text-editor\">\r\n\t\t<p>Serpe Kau\u00e7uk, kau\u00e7uk yedek par\u00e7a imalat\u0131nda uzmanla\u015fm\u0131\u015f bir \u00f6nc\u00fcd\u00fcr. Serpe Kau\u00e7uk, m\u00fc\u015fterilerine y\u00fcksek kaliteli, \u00f6zelle\u015ftirilebilir ve dayan\u0131kl\u0131 kau\u00e7uk \u00fcr\u00fcnleri sunarak end\u00fcstri lideri konumunu s\u00fcrd\u00fcrmektedir. Kurulu\u015fumuz, uzun y\u0131llara dayanan deneyim ve m\u00fckemmeliyetle sekt\u00f6rde kendine sa\u011flam bir yer edinmi\u015ftir.<\/p><h4>Misyonumuz<\/h4><p>M\u00fc\u015fterilerimize en kaliteli kau\u00e7uk yedek par\u00e7alar\u0131 sunarak, onlar\u0131n operasyonel verimliliklerini art\u0131rmalar\u0131na ve end\u00fcstri standartlar\u0131n\u0131 a\u015fmalar\u0131na yard\u0131mc\u0131 olmay\u0131 misyon ediniyoruz. M\u00fc\u015fteri memnuniyetini en \u00fcst d\u00fczeye \u00e7\u0131karmak ve kalite standartlar\u0131m\u0131z\u0131 s\u00fcrekli iyile\u015ftirmek i\u00e7in \u00e7al\u0131\u015f\u0131yoruz.<\/p><h4>\u00dcretim Kapasitemiz<\/h4><p>Modern tesisimizde, en son teknoloji ile donat\u0131lm\u0131\u015f \u00fcretim hatlar\u0131 ve uzman personelimizle geni\u015f bir kau\u00e7uk yedek par\u00e7a yelpazesi \u00fcretiyoruz. Esnek \u00fcretim s\u00fcre\u00e7lerimiz sayesinde, m\u00fc\u015fterilerimizin \u00f6zel ihtiya\u00e7lar\u0131na ve spesifikasyonlar\u0131na uygun \u00e7\u00f6z\u00fcmler sunabiliyoruz.<\/p><h4>Kalite Standartlar\u0131<\/h4><p>[\u015eirket Ad\u0131], kau\u00e7uk yedek par\u00e7a imalat\u0131nda y\u00fcksek kalite standartlar\u0131na ba\u011fl\u0131d\u0131r. \u00dcr\u00fcnlerimiz, titiz kalite kontrol s\u00fcre\u00e7lerinden ge\u00e7irilerek m\u00fc\u015fterilerimize sorunsuz ve g\u00fcvenilir \u00fcr\u00fcnler sunmam\u0131z\u0131 sa\u011flar.<\/p><h4>\u0130novasyon ve Ar-Ge<\/h4><p>Sekt\u00f6rdeki geli\u015fmeleri yak\u0131ndan takip ediyor ve s\u00fcrekli olarak \u00fcr\u00fcnlerimizi iyile\u015ftirmek i\u00e7in ara\u015ft\u0131rma ve geli\u015ftirme faaliyetlerine yat\u0131r\u0131m yap\u0131yoruz. Yenilik\u00e7i \u00e7\u00f6z\u00fcmlerle m\u00fc\u015fterilerimize rekabet avantaj\u0131 sa\u011flamak i\u00e7in \u00e7aba sarf ediyoruz.<\/p><h4>\u00c7evresel Sorumluluk<\/h4><p>\u00c7evresel s\u00fcrd\u00fcr\u00fclebilirlik bizim i\u00e7in \u00f6nemlidir. \u00dcretim s\u00fcre\u00e7lerimizde \u00e7evreye duyarl\u0131 malzemeler kullan\u0131yor ve at\u0131klar\u0131 en aza indirme \u00e7abalar\u0131na aktif olarak kat\u0131l\u0131yoruz.<\/p>\t\t<\/div>\r\n\t\t\t<\/div>\n\t\t\t\t<\/div>\n\t\t\t\t<div class=\"elementor-element elementor-element-4ef1708 horizontal-line-align-left vertical-line-align-bottom elementor-widget elementor-widget-tm-ele-section-title\" data-id=\"4ef1708\" data-element_type=\"widget\" data-widget_type=\"tm-ele-section-title.default\">\n\t\t\t\t<div class=\"elementor-widget-container\">\n\t\t\t<div class=\"tm-sc-section-title section-title \">\r\n\t<div class=\"title-wrapper\">\r\n\t\t\t\t\t\t\t<h2 class=\"title \">\r\n\r\n\t\t\r\n\t\t\t\t<span class=\"title-part1 \">Kalite Belgelerimiz<\/span>\r\n\t\t\t\t\r\n\t\t\r\n\t<\/h2>\r\n\t<div class=\"title-seperator-line\"><\/div>\t\t\t\t\t\t<\/div>\r\n<\/div>\t\t<\/div>\n\t\t\t\t<\/div>\n\t\t\t\t<div class=\"elementor-element elementor-element-511648b elementor-widget elementor-widget-gallery\" data-id=\"511648b\" data-element_type=\"widget\" data-settings=\"{&quot;aspect_ratio&quot;:&quot;9:16&quot;,&quot;lazyload&quot;:&quot;yes&quot;,&quot;gallery_layout&quot;:&quot;grid&quot;,&quot;columns&quot;:4,&quot;columns_tablet&quot;:2,&quot;columns_mobile&quot;:1,&quot;gap&quot;:{&quot;unit&quot;:&quot;px&quot;,&quot;size&quot;:10,&quot;sizes&quot;:[]},&quot;gap_tablet&quot;:{&quot;unit&quot;:&quot;px&quot;,&quot;size&quot;:10,&quot;sizes&quot;:[]},&quot;gap_mobile&quot;:{&quot;unit&quot;:&quot;px&quot;,&quot;size&quot;:10,&quot;sizes&quot;:[]},&quot;link_to&quot;:&quot;file&quot;,&quot;overlay_background&quot;:&quot;yes&quot;,&quot;content_hover_animation&quot;:&quot;fade-in&quot;}\" data-widget_type=\"gallery.default\">\n\t\t\t\t<div class=\"elementor-widget-container\">\n\t\t\t<style>\/*! elementor-pro - v3.18.0 - 20-12-2023 *\/\n.elementor-gallery__container{min-height:1px}.elementor-gallery-item{position:relative;overflow:hidden;display:block;text-decoration:none;border:solid var(--image-border-width) var(--image-border-color);border-radius:var(--image-border-radius)}.elementor-gallery-item__content,.elementor-gallery-item__overlay{height:100%;width:100%;position:absolute;top:0;left:0}.elementor-gallery-item__overlay{mix-blend-mode:var(--overlay-mix-blend-mode);transition-duration:var(--overlay-transition-duration);transition-property:mix-blend-mode,transform,opacity,background-color}.elementor-gallery-item__image.e-gallery-image{transition-duration:var(--image-transition-duration);transition-property:filter,transform}.elementor-gallery-item__content{display:flex;flex-direction:column;justify-content:var(--content-justify-content,center);align-items:center;text-align:var(--content-text-align);padding:var(--content-padding)}.elementor-gallery-item__content>div{transition-duration:var(--content-transition-duration)}.elementor-gallery-item__content.elementor-gallery--sequenced-animation>div:nth-child(2){transition-delay:calc(var(--content-transition-delay) \/ 3)}.elementor-gallery-item__content.elementor-gallery--sequenced-animation>div:nth-child(3){transition-delay:calc(var(--content-transition-delay) \/ 3 * 2)}.elementor-gallery-item__content.elementor-gallery--sequenced-animation>div:nth-child(4){transition-delay:calc(var(--content-transition-delay) \/ 3 * 3)}.elementor-gallery-item__description{color:var(--description-text-color,#fff);width:100%}.elementor-gallery-item__title{color:var(--title-text-color,#fff);font-weight:700;width:100%}.elementor-gallery__titles-container{display:flex;flex-wrap:wrap;justify-content:var(--titles-container-justify-content,center);margin-bottom:20px}.elementor-gallery__titles-container:not(.e--pointer-framed) .elementor-item:after,.elementor-gallery__titles-container:not(.e--pointer-framed) .elementor-item:before{background-color:var(--galleries-pointer-bg-color-hover)}.elementor-gallery__titles-container:not(.e--pointer-framed) .elementor-item.elementor-item-active:after,.elementor-gallery__titles-container:not(.e--pointer-framed) .elementor-item.elementor-item-active:before{background-color:var(--galleries-pointer-bg-color-active)}.elementor-gallery__titles-container.e--pointer-framed .elementor-item:before{border-color:var(--galleries-pointer-bg-color-hover);border-width:var(--galleries-pointer-border-width)}.elementor-gallery__titles-container.e--pointer-framed .elementor-item:after{border-color:var(--galleries-pointer-bg-color-hover)}.elementor-gallery__titles-container.e--pointer-framed .elementor-item.elementor-item-active:after,.elementor-gallery__titles-container.e--pointer-framed .elementor-item.elementor-item-active:before{border-color:var(--galleries-pointer-bg-color-active)}.elementor-gallery__titles-container.e--pointer-framed.e--animation-draw .elementor-item:before{border-left-width:var(--galleries-pointer-border-width);border-bottom-width:var(--galleries-pointer-border-width);border-right-width:0;border-top-width:0}.elementor-gallery__titles-container.e--pointer-framed.e--animation-draw .elementor-item:after{border-left-width:0;border-bottom-width:0;border-right-width:var(--galleries-pointer-border-width);border-top-width:var(--galleries-pointer-border-width)}.elementor-gallery__titles-container.e--pointer-framed.e--animation-corners .elementor-item:before{border-left-width:var(--galleries-pointer-border-width);border-bottom-width:0;border-right-width:0;border-top-width:var(--galleries-pointer-border-width)}.elementor-gallery__titles-container.e--pointer-framed.e--animation-corners .elementor-item:after{border-left-width:0;border-bottom-width:var(--galleries-pointer-border-width);border-right-width:var(--galleries-pointer-border-width);border-top-width:0}.elementor-gallery__titles-container .e--pointer-double-line .elementor-item:after,.elementor-gallery__titles-container .e--pointer-double-line .elementor-item:before,.elementor-gallery__titles-container .e--pointer-overline .elementor-item:before,.elementor-gallery__titles-container .e--pointer-underline .elementor-item:after{height:var(--galleries-pointer-border-width)}.elementor-gallery-title{--space-between:10px;cursor:pointer;color:#6d7882;font-weight:500;position:relative;padding:7px 14px;transition:all .3s}.elementor-gallery-title--active{color:#495157}.elementor-gallery-title:not(:last-child){margin-right:var(--space-between)}.elementor-gallery-item__title+.elementor-gallery-item__description{margin-top:var(--description-margin-top)}.e-gallery-item.elementor-gallery-item{transition-property:all}.e-gallery-item.elementor-animated-content .elementor-animated-item--enter-from-bottom,.e-gallery-item.elementor-animated-content .elementor-animated-item--enter-from-left,.e-gallery-item.elementor-animated-content .elementor-animated-item--enter-from-right,.e-gallery-item.elementor-animated-content .elementor-animated-item--enter-from-top,.e-gallery-item:focus .elementor-gallery__item-overlay-bg,.e-gallery-item:focus .elementor-gallery__item-overlay-content,.e-gallery-item:focus .elementor-gallery__item-overlay-content__description,.e-gallery-item:focus .elementor-gallery__item-overlay-content__title,.e-gallery-item:hover .elementor-gallery__item-overlay-bg,.e-gallery-item:hover .elementor-gallery__item-overlay-content,.e-gallery-item:hover .elementor-gallery__item-overlay-content__description,.e-gallery-item:hover .elementor-gallery__item-overlay-content__title{opacity:1}a.elementor-item.elementor-gallery-title{color:var(--galleries-title-color-normal)}a.elementor-item.elementor-gallery-title.elementor-item-active,a.elementor-item.elementor-gallery-title.highlighted,a.elementor-item.elementor-gallery-title:focus,a.elementor-item.elementor-gallery-title:hover{color:var(--galleries-title-color-hover)}a.elementor-item.elementor-gallery-title.elementor-item-active{color:var(--gallery-title-color-active)}.e-con-inner>.elementor-widget-gallery,.e-con>.elementor-widget-gallery{width:var(--container-widget-width);--flex-grow:var(--container-widget-flex-grow)}<\/style>\t\t<div class=\"elementor-gallery__container\">\n\t\t\t\t\t\t\t<a class=\"e-gallery-item elementor-gallery-item elementor-animated-content\" href=\"https:\/\/www.serpekaucuk.com\/wp-content\/uploads\/2025\/12\/SERPE-MAKINA-9-copy.webp\" data-elementor-open-lightbox=\"yes\" data-elementor-lightbox-slideshow=\"511648b\" data-elementor-lightbox-title=\"Serpe Kau\u00e7uk\" data-e-action-hash=\"#elementor-action%3Aaction%3Dlightbox%26settings%3DeyJpZCI6NDg4NjYsInVybCI6Imh0dHBzOlwvXC93d3cuc2VycGVrYXVjdWsuY29tXC93cC1jb250ZW50XC91cGxvYWRzXC8yMDI1XC8xMlwvU0VSUEUtTUFLSU5BLTktY29weS53ZWJwIiwic2xpZGVzaG93IjoiNTExNjQ4YiJ9\">\n\t\t\t\t\t<div class=\"e-gallery-image elementor-gallery-item__image\" data-thumbnail=\"https:\/\/www.serpekaucuk.com\/wp-content\/uploads\/2025\/12\/SERPE-MAKINA-9-copy.webp\" data-width=\"884\" data-height=\"1250\" aria-label=\"\" role=\"img\" ><\/div>\n\t\t\t\t\t\t\t\t\t\t\t<div class=\"elementor-gallery-item__overlay\"><\/div>\n\t\t\t\t\t\t\t\t\t\t\t\t\t\t<\/a>\n\t\t\t\t\t\t\t<a class=\"e-gallery-item elementor-gallery-item elementor-animated-content\" href=\"https:\/\/www.serpekaucuk.com\/wp-content\/uploads\/2025\/12\/SERPE-MAKINA-45-copy.webp\" data-elementor-open-lightbox=\"yes\" data-elementor-lightbox-slideshow=\"511648b\" data-elementor-lightbox-title=\"Serpe Kau\u00e7uk\" data-e-action-hash=\"#elementor-action%3Aaction%3Dlightbox%26settings%3DeyJpZCI6NDg4NjcsInVybCI6Imh0dHBzOlwvXC93d3cuc2VycGVrYXVjdWsuY29tXC93cC1jb250ZW50XC91cGxvYWRzXC8yMDI1XC8xMlwvU0VSUEUtTUFLSU5BLTQ1LWNvcHkud2VicCIsInNsaWRlc2hvdyI6IjUxMTY0OGIifQ%3D%3D\">\n\t\t\t\t\t<div class=\"e-gallery-image elementor-gallery-item__image\" data-thumbnail=\"https:\/\/www.serpekaucuk.com\/wp-content\/uploads\/2025\/12\/SERPE-MAKINA-45-copy.webp\" data-width=\"884\" data-height=\"1250\" aria-label=\"\" role=\"img\" ><\/div>\n\t\t\t\t\t\t\t\t\t\t\t<div class=\"elementor-gallery-item__overlay\"><\/div>\n\t\t\t\t\t\t\t\t\t\t\t\t\t\t<\/a>\n\t\t\t\t\t\t\t<a class=\"e-gallery-item elementor-gallery-item elementor-animated-content\" href=\"https:\/\/www.serpekaucuk.com\/wp-content\/uploads\/2025\/12\/SERPE-MAKINA-14-copy.webp\" data-elementor-open-lightbox=\"yes\" data-elementor-lightbox-slideshow=\"511648b\" data-elementor-lightbox-title=\"Serpe Kau\u00e7uk\" data-e-action-hash=\"#elementor-action%3Aaction%3Dlightbox%26settings%3DeyJpZCI6NDg4NjgsInVybCI6Imh0dHBzOlwvXC93d3cuc2VycGVrYXVjdWsuY29tXC93cC1jb250ZW50XC91cGxvYWRzXC8yMDI1XC8xMlwvU0VSUEUtTUFLSU5BLTE0LWNvcHkud2VicCIsInNsaWRlc2hvdyI6IjUxMTY0OGIifQ%3D%3D\">\n\t\t\t\t\t<div class=\"e-gallery-image elementor-gallery-item__image\" data-thumbnail=\"https:\/\/www.serpekaucuk.com\/wp-content\/uploads\/2025\/12\/SERPE-MAKINA-14-copy.webp\" data-width=\"884\" data-height=\"1250\" aria-label=\"\" role=\"img\" ><\/div>\n\t\t\t\t\t\t\t\t\t\t\t<div class=\"elementor-gallery-item__overlay\"><\/div>\n\t\t\t\t\t\t\t\t\t\t\t\t\t\t<\/a>\n\t\t\t\t\t\t\t<a class=\"e-gallery-item elementor-gallery-item elementor-animated-content\" href=\"https:\/\/www.serpekaucuk.com\/wp-content\/uploads\/2025\/12\/SERPE-MAKINA-10-copy.webp\" data-elementor-open-lightbox=\"yes\" data-elementor-lightbox-slideshow=\"511648b\" data-elementor-lightbox-title=\"Serpe Kau\u00e7uk\" data-e-action-hash=\"#elementor-action%3Aaction%3Dlightbox%26settings%3DeyJpZCI6NDg4NjksInVybCI6Imh0dHBzOlwvXC93d3cuc2VycGVrYXVjdWsuY29tXC93cC1jb250ZW50XC91cGxvYWRzXC8yMDI1XC8xMlwvU0VSUEUtTUFLSU5BLTEwLWNvcHkud2VicCIsInNsaWRlc2hvdyI6IjUxMTY0OGIifQ%3D%3D\">\n\t\t\t\t\t<div class=\"e-gallery-image elementor-gallery-item__image\" data-thumbnail=\"https:\/\/www.serpekaucuk.com\/wp-content\/uploads\/2025\/12\/SERPE-MAKINA-10-copy.webp\" data-width=\"884\" data-height=\"1250\" aria-label=\"\" role=\"img\" ><\/div>\n\t\t\t\t\t\t\t\t\t\t\t<div class=\"elementor-gallery-item__overlay\"><\/div>\n\t\t\t\t\t\t\t\t\t\t\t\t\t\t<\/a>\n\t\t\t\t\t<\/div>\n\t\t\t<\/div>\n\t\t\t\t<\/div>\n\t\t\t\t\t<\/div>\n\t\t<\/div>\n\t\t\t\t\t\t\t<\/div>\n\t\t<\/section>\n\t\t\t\t\t\t\t<\/div>\n\t\t","protected":false},"excerpt":{"rendered":"<p>Serpe Kau\u00e7uk Serpe Kau\u00e7uk, kau\u00e7uk yedek par\u00e7a imalat\u0131nda uzmanla\u015fm\u0131\u015f bir \u00f6nc\u00fcd\u00fcr. Serpe Kau\u00e7uk, m\u00fc\u015fterilerine y\u00fcksek kaliteli, \u00f6zelle\u015ftirilebilir ve dayan\u0131kl\u0131 kau\u00e7uk&#8230;<\/p>\n","protected":false},"author":1,"featured_media":0,"parent":0,"menu_order":0,"comment_status":"closed","ping_status":"closed","template":"","meta":{"footnotes":""},"class_list":["post-48482","page","type-page","status-publish","hentry"],"_links":{"self":[{"href":"https:\/\/www.serpekaucuk.com\/index.php\/wp-json\/wp\/v2\/pages\/48482","targetHints":{"allow":["GET"]}}],"collection":[{"href":"https:\/\/www.serpekaucuk.com\/index.php\/wp-json\/wp\/v2\/pages"}],"about":[{"href":"https:\/\/www.serpekaucuk.com\/index.php\/wp-json\/wp\/v2\/types\/page"}],"author":[{"embeddable":true,"href":"https:\/\/www.serpekaucuk.com\/index.php\/wp-json\/wp\/v2\/users\/1"}],"replies":[{"embeddable":true,"href":"https:\/\/www.serpekaucuk.com\/index.php\/wp-json\/wp\/v2\/comments?post=48482"}],"version-history":[{"count":25,"href":"https:\/\/www.serpekaucuk.com\/index.php\/wp-json\/wp\/v2\/pages\/48482\/revisions"}],"predecessor-version":[{"id":48878,"href":"https:\/\/www.serpekaucuk.com\/index.php\/wp-json\/wp\/v2\/pages\/48482\/revisions\/48878"}],"wp:attachment":[{"href":"https:\/\/www.serpekaucuk.com\/index.php\/wp-json\/wp\/v2\/media?parent=48482"}],"curies":[{"name":"wp","href":"https:\/\/api.w.org\/{rel}","templated":true}]}}